{"id":14387,"date":"2018-05-15T17:54:18","date_gmt":"2018-05-15T17:54:18","guid":{"rendered":"https:\/\/capuchinos.org\/ingles1\/?page_id=14387"},"modified":"2018-06-26T22:15:31","modified_gmt":"2018-06-26T22:15:31","slug":"oraciones-san-francisco","status":"publish","type":"page","link":"https:\/\/capuchinos.org\/ingles1\/oraciones-san-francisco\/","title":{"rendered":"St. Francis Prayers"},"content":{"rendered":"<div id=\"cmsmasters_row_d3bf61f3c5\" class=\"cmsmasters_row cmsmasters_color_scheme_default cmsmasters_row_top_default cmsmasters_row_bot_default cmsmasters_row_boxed\">\n<div class=\"cmsmasters_row_outer_parent\">\n<div class=\"cmsmasters_row_outer\">\n<div class=\"cmsmasters_row_inner\">\n<div class=\"cmsmasters_row_margin\">\n<div id=\"cmsmasters_column_23008dd367\" class=\"cmsmasters_column one_first\">\n<div class=\"cmsmasters_column_inner\"><div id=\"cmsmasters_heading_335c9e144c\" class=\"cmsmasters_heading_wrap cmsmasters_heading_align_center\">\n\t<h2 class=\"cmsmasters_heading\">ST. FRANCIS OF ASSISI<\/h2>\n<\/div><div id=\"cmsmasters_heading_ae9e129115\" class=\"cmsmasters_heading_wrap cmsmasters_heading_align_center\">\n\t<h2 class=\"cmsmasters_heading\">St. Francis Prayers <\/h2>\n<\/div>\n<\/div><\/div>\n<\/div>\n<\/div>\n<\/div>\n<\/div>\n<\/div>\n<div id=\"cmsmasters_row_2rv98s7128\" class=\"cmsmasters_row cmsmasters_color_scheme_default cmsmasters_row_top_default cmsmasters_row_bot_default cmsmasters_row_fullwidth\">\n<div class=\"cmsmasters_row_outer_parent\">\n<div class=\"cmsmasters_row_outer\">\n<div class=\"cmsmasters_row_inner cmsmasters_row_fullwidth cmsmasters_row_no_margin\">\n<div class=\"cmsmasters_row_margin cmsmasters_row_columns_behavior\">\n<div id=\"cmsmasters_column_k6wo9lgaql\" class=\"cmsmasters_column one_first\">\n<div class=\"cmsmasters_column_inner\"><div class=\"cmsmasters_text\">\n<h3><\/h3>\n<h3><img loading=\"lazy\" decoding=\"async\" class=\"aligncenter size-full wp-image-14396\" src=\"https:\/\/capuchinos.org\/wp-content\/uploads\/sites\/3\/2018\/05\/oracion.jpg\" alt=\"\" width=\"104\" height=\"98\" \/><\/h3>\n<h3 style=\"text-align: center;\"><strong>Oraci\u00f3n ante el crucifijo de San Dami\u00e1n<\/strong><\/h3>\n<p style=\"text-align: center;\">\u00a1Oh alto y glorioso Dios!<br \/>\nilumina las tinieblas de mi coraz\u00f3n.<br \/>\ny dame fe recta,<br \/>\nesperanza cierta y caridad perfecta,<br \/>\nsentido y conocimiento, Se\u00f1or,<br \/>\npara que cumpla tu santo y veraz mandamiento.<\/p>\n<hr \/>\n<h3 style=\"text-align: center;\"><\/h3>\n<h3><img loading=\"lazy\" decoding=\"async\" class=\"aligncenter size-full wp-image-14396\" src=\"https:\/\/capuchinos.org\/wp-content\/uploads\/sites\/3\/2018\/05\/oracion.jpg\" alt=\"\" width=\"104\" height=\"98\" \/><\/h3>\n<h3 style=\"text-align: center;\"><strong>Bendici\u00f3n a Fray Le\u00f3n<\/strong><\/h3>\n<p style=\"text-align: center;\">El Se\u00f1or te bendiga y te guarde;<br \/>\nte muestre su rostro y tenga misericordia de ti.<br \/>\nVuelva su rostro a ti y te d\u00e9 la paz.<br \/>\nEl Se\u00f1or te bendiga, hermano Le\u00f3n.<\/p>\n<hr \/>\n<h3 style=\"text-align: center;\"><\/h3>\n<h3><img loading=\"lazy\" decoding=\"async\" class=\"aligncenter size-full wp-image-14396\" src=\"https:\/\/capuchinos.org\/wp-content\/uploads\/sites\/3\/2018\/05\/oracion.jpg\" alt=\"\" width=\"104\" height=\"98\" \/><\/h3>\n<h3 style=\"text-align: center;\"><strong>C\u00e1ntico de las Criaturas<\/strong><\/h3>\n<p style=\"text-align: center;\">Alt\u00edsimo y omnipotente buen Se\u00f1or,<br \/>\ntuyas son las alabanzas,<br \/>\nla gloria y el honor y toda bendici\u00f3n.<\/p>\n<p style=\"text-align: center;\">A ti solo, Alt\u00edsimo, te convienen<br \/>\ny ning\u00fan hombre es digno de nombrarte.<\/p>\n<p style=\"text-align: center;\">Alabado seas, mi Se\u00f1or,<br \/>\nen todas tus criaturas,<br \/>\nespecialmente en el Se\u00f1or hermano sol,<br \/>\npor quien nos das el d\u00eda y nos iluminas.<\/p>\n<p style=\"text-align: center;\">Y es bello y radiante con gran esplendor,<br \/>\nde ti, Alt\u00edsimo, lleva significaci\u00f3n.<\/p>\n<p style=\"text-align: center;\">Alabado seas, mi Se\u00f1or,<br \/>\npor la hermana luna y las estrellas,<br \/>\nen el cielo las formaste claras y preciosas y bellas.<\/p>\n<p style=\"text-align: center;\">Alabado seas, mi Se\u00f1or, por el hermano viento<br \/>\ny por el aire y la nube y el cielo sereno y todo tiempo,<br \/>\npor todos ellos a tus criaturas das sustento.<\/p>\n<p style=\"text-align: center;\">Alabado seas, mi Se\u00f1or, por el hermano fuego,<br \/>\npor el cual iluminas la noche,<br \/>\ny es bello y alegre y vigoroso y fuerte.<\/p>\n<p style=\"text-align: center;\">Alabado seas, mi Se\u00f1or,<br \/>\npor la hermana nuestra madre tierra,<br \/>\nla cual nos sostiene y gobierna<br \/>\ny produce diversos frutos con coloridas flores y hierbas.<\/p>\n<p style=\"text-align: center;\">Alabado seas, mi Se\u00f1or,<br \/>\npor aquellos que perdonan por tu amor,<br \/>\ny sufren enfermedad y tribulaci\u00f3n;<br \/>\nbienaventurados los que las sufran en paz,<\/p>\n<p style=\"text-align: center;\">porque de ti, Alt\u00edsimo, coronados ser\u00e1n.<br \/>\nAlabado seas, mi Se\u00f1or,<br \/>\npor nuestra hermana muerte corporal,<br \/>\nde la cual ning\u00fan hombre viviente puede escapar.<\/p>\n<p style=\"text-align: center;\">Ay de aquellos que mueran<br \/>\nen pecado mortal.<\/p>\n<p style=\"text-align: center;\">Bienaventurados a los que encontrar\u00e1<br \/>\nen tu sant\u00edsima voluntad<br \/>\nporque la muerte segunda no les har\u00e1 mal.<\/p>\n<p style=\"text-align: center;\">Alaben y bendigan a mi Se\u00f1or<br \/>\ny denle gracias y s\u00edrvanle con gran humildad.<\/p>\n<hr \/>\n<h3 style=\"text-align: center;\"><\/h3>\n<h3><img loading=\"lazy\" decoding=\"async\" class=\"aligncenter size-full wp-image-14396\" src=\"https:\/\/capuchinos.org\/wp-content\/uploads\/sites\/3\/2018\/05\/oracion.jpg\" alt=\"\" width=\"104\" height=\"98\" \/><\/h3>\n<h3 style=\"text-align: center;\"><strong>Alabanzas al Dios Alt\u00edsimo<\/strong><\/h3>\n<p style=\"text-align: center;\">T\u00fa eres santo, Se\u00f1or Dios \u00fanico, que haces maravillas.<br \/>\nT\u00fa eres fuerte, t\u00fa eres grande, t\u00fa eres Alt\u00edsimo.<br \/>\nT\u00fa eres Rey omnipotente.<br \/>\nT\u00fa eres Padre santo, Rey del cielo y de la tierra.<br \/>\nT\u00fa eres Trino y Uno, Se\u00f1or Dios de los dioses.<br \/>\nT\u00fa eres el Bien, todo el Bien, el sumo Bien, Se\u00f1or Dios vivo y verdadero.<br \/>\nT\u00fa eres Amor, t\u00fa eres Caridad.<br \/>\nT\u00fa eres Sabidur\u00eda, t\u00fa eres Humildad, t\u00fa eres Paciencia.<br \/>\nT\u00fa eres belleza, t\u00fa eres Seguridad, t\u00fa eres Paz.<br \/>\nT\u00fa eres Gozo y Alegr\u00eda, t\u00fa eres nuestra Esperanza.<br \/>\nT\u00fa eres Justicia, t\u00fa eres Templanza, t\u00fa eres toda nuestra Riqueza.<br \/>\nT\u00fa eres Belleza, t\u00fa eres Mansedumbre.<br \/>\nT\u00fa eres Protector, t\u00fa eres nuestro Custodio y Defensor.<br \/>\nT\u00fa eres Fortaleza, t\u00fa eres Refugio.<br \/>\nT\u00fa eres nuestra Esperanza, t\u00fa eres nuestra Fe.<br \/>\nT\u00fa eres Caridad, t\u00fa eres nuestra Dulzura.<br \/>\nT\u00fa eres nuestra Vida eterna, grande y admirable Se\u00f1or,<br \/>\nDios Omnipotente, misericordioso Salvador.<\/p>\n<p style=\"text-align: center;\">\n<\/div>\n<div class=\"cmsmasters_text\">\n<p>&nbsp;<\/p>\n<\/div>\n<div class=\"cmsmasters_text\">\n<p>&nbsp;<\/p>\n<\/div>\n<div class=\"cmsmasters_text\">\n<p>&nbsp;<\/p>\n<\/div>\n<\/div><\/div>\n<\/div>\n<\/div>\n<\/div>\n<\/div>\n<\/div>\n<div id=\"cmsmasters_row_t8jktiup3a\" class=\"cmsmasters_row cmsmasters_color_scheme_default cmsmasters_row_top_default cmsmasters_row_bot_default cmsmasters_row_boxed\">\n<div class=\"cmsmasters_row_outer_parent\">\n<div class=\"cmsmasters_row_outer\">\n<div class=\"cmsmasters_row_inner\">\n<div class=\"cmsmasters_row_margin\">\n<div id=\"cmsmasters_column_sn77ngxrp\" class=\"cmsmasters_column one_first\">\n<div class=\"cmsmasters_column_inner\"><\/div><\/div>\n<\/div>\n<\/div>\n<\/div>\n<\/div>\n<\/div>\n\n","protected":false},"excerpt":{"rendered":"","protected":false},"author":1,"featured_media":0,"parent":0,"menu_order":0,"comment_status":"closed","ping_status":"closed","template":"","meta":{"footnotes":""},"class_list":["post-14387","page","type-page","status-publish","hentry"],"_links":{"self":[{"href":"https:\/\/capuchinos.org\/ingles1\/wp-json\/wp\/v2\/pages\/14387","targetHints":{"allow":["GET"]}}],"collection":[{"href":"https:\/\/capuchinos.org\/ingles1\/wp-json\/wp\/v2\/pages"}],"about":[{"href":"https:\/\/capuchinos.org\/ingles1\/wp-json\/wp\/v2\/types\/page"}],"author":[{"embeddable":true,"href":"https:\/\/capuchinos.org\/ingles1\/wp-json\/wp\/v2\/users\/1"}],"replies":[{"embeddable":true,"href":"https:\/\/capuchinos.org\/ingles1\/wp-json\/wp\/v2\/comments?post=14387"}],"version-history":[{"count":12,"href":"https:\/\/capuchinos.org\/ingles1\/wp-json\/wp\/v2\/pages\/14387\/revisions"}],"predecessor-version":[{"id":15084,"href":"https:\/\/capuchinos.org\/ingles1\/wp-json\/wp\/v2\/pages\/14387\/revisions\/15084"}],"wp:attachment":[{"href":"https:\/\/capuchinos.org\/ingles1\/wp-json\/wp\/v2\/media?parent=14387"}],"curies":[{"name":"wp","href":"https:\/\/api.w.org\/{rel}","templated":true}]}}