{"id":14443,"date":"2018-05-16T17:02:39","date_gmt":"2018-05-16T17:02:39","guid":{"rendered":"https:\/\/capuchinos.org\/ingles1\/?page_id=14443"},"modified":"2024-01-30T14:07:35","modified_gmt":"2024-01-30T14:07:35","slug":"retiros-vocacionales","status":"publish","type":"page","link":"https:\/\/capuchinos.org\/ingles1\/retiros-vocacionales\/","title":{"rendered":"Vocational Retreats"},"content":{"rendered":"<div id=\"cmsmasters_row_d3bf61f3c5\" class=\"cmsmasters_row cmsmasters_color_scheme_default cmsmasters_row_top_default cmsmasters_row_bot_default cmsmasters_row_boxed\" data-stellar-background-ratio=\"0.5\">\n<div class=\"cmsmasters_row_outer_parent\">\n<div class=\"cmsmasters_row_outer\">\n<div class=\"cmsmasters_row_inner\">\n<div class=\"cmsmasters_row_margin\">\n<div id=\"cmsmasters_column_23008dd367\" class=\"cmsmasters_column one_first\">\n<div class=\"cmsmasters_column_inner\"><div id=\"cmsmasters_heading_335c9e144c\" class=\"cmsmasters_heading_wrap cmsmasters_heading_align_center\">\n\t<h2 class=\"cmsmasters_heading\">VOCATIONS<\/h2>\n<\/div><div id=\"cmsmasters_heading_ae9e129115\" class=\"cmsmasters_heading_wrap cmsmasters_heading_align_center\">\n\t<h3 class=\"cmsmasters_heading\">Vocational Retreats 2023-2024<\/h3>\n<\/div>\n<\/div><\/div>\n<\/div>\n<\/div>\n<\/div>\n<\/div>\n<\/div>\n<div id=\"cmsmasters_row_efc45c80b7\" class=\"cmsmasters_row cmsmasters_color_scheme_default cmsmasters_row_top_default cmsmasters_row_bot_default cmsmasters_row_boxed\">\n<div class=\"cmsmasters_row_outer_parent\">\n<div class=\"cmsmasters_row_outer\">\n<div class=\"cmsmasters_row_inner\">\n<div class=\"cmsmasters_row_margin\">\n<div id=\"cmsmasters_column_417a544db7\" class=\"cmsmasters_column one_half\">\n<div class=\"cmsmasters_column_inner\"><div class=\"cmsmasters_text\">\n<h3><strong><span style=\"color: #ff6600;\"><span style=\"color: #333333;\">FIRST<\/span> <span style=\"color: #333300;\">RETREAT <\/span><\/span><\/strong><\/h3>\n<h4><span style=\"color: #ffcc00;\"><strong>God has a project for you<\/strong><\/span><\/h4>\n<h5><strong><span style=\"color: #333333;\">The conversion of St. Francis<\/span><\/strong><\/h5>\n<h6>To awaken of the need to discern his own vocation starting from the discovery that God has a project for him.<\/h6>\n<h6><span style=\"color: #333333;\"><strong>October 7-9, 2023<\/strong><\/span><span style=\"color: #333333;\"><strong>\u00a0Puebla, Pue.<\/strong><\/span><\/h6>\n<h6><span style=\"color: #333333;\"><strong>October 14-16,<\/strong><\/span><span style=\"color: #333333;\"><strong>\u00a02023\u00a0<\/strong><\/span><span style=\"color: #333333;\"><strong>La Piedad, Mich. <\/strong><\/span><\/h6>\n<h6><span style=\"color: #333333;\"><strong>October<span class=\"selectable-text copyable-text\">\u00a020-22 2023\u00a0<\/span><\/strong><\/span><span style=\"color: #333333;\"><strong><span class=\"selectable-text copyable-text\">Canc\u00fan\u00a0<b>Q.<\/b>\u00a0<b>Roo<\/b>.\u200b<\/span><\/strong><\/span><\/h6>\n<\/div>\n<\/div><\/div>\n<div id=\"cmsmasters_column_kpdl7f84m9\" class=\"cmsmasters_column one_half\">\n<div class=\"cmsmasters_column_inner\"><div class=\"aligncenter\"><div class=\"cmsmasters_img  cmsmasters_image_c\"><a href=\"https:\/\/capuchinos.org\/ingles1\/wp-content\/uploads\/sites\/3\/2023\/09\/2.jpg\"><img decoding=\"async\" src=\"https:\/\/capuchinos.org\/ingles1\/wp-content\/uploads\/sites\/3\/2023\/09\/2.jpg\" \/><\/a><\/div><\/div>\n<\/div><\/div>\n<\/div>\n<\/div>\n<\/div>\n<\/div>\n<\/div>\n<div id=\"cmsmasters_row_w0ufs3e0r\" class=\"cmsmasters_row cmsmasters_color_scheme_default cmsmasters_row_top_default cmsmasters_row_bot_default cmsmasters_row_boxed\">\n<div class=\"cmsmasters_row_outer_parent\">\n<div class=\"cmsmasters_row_outer\">\n<div class=\"cmsmasters_row_inner\">\n<div class=\"cmsmasters_row_margin\">\n<div id=\"cmsmasters_column_3s6ny5179\" class=\"cmsmasters_column one_half\">\n<div class=\"cmsmasters_column_inner\"><div class=\"aligncenter\"><div class=\"cmsmasters_img  cmsmasters_image_c\"><img decoding=\"async\" src=\"https:\/\/capuchinos.org\/ingles1\/wp-content\/uploads\/sites\/3\/2023\/09\/3.jpg\" \/><\/div><\/div>\n<\/div><\/div>\n<div id=\"cmsmasters_column_mswk7qxzal\" class=\"cmsmasters_column one_half\">\n<div class=\"cmsmasters_column_inner\"><div class=\"cmsmasters_text\">\n<h3><strong>SECOND\u00a0RETREAT<\/strong><\/h3>\n<h4><span style=\"color: #ffcc00;\"><strong>Jesus gives meaning to my life<\/strong><\/span><\/h4>\n<h5><span style=\"color: #333333;\"><strong>The encounter of St. Francis with the Christ of St. Damian<\/strong><\/span><\/h5>\n<h6>To discover the importance of the encounter with Jesus as a fundamental element in our lives and of the vocational discernment staring with the mystery of the Incarnation.<\/h6>\n<h6><span style=\"color: #333333;\"><strong>December 1-3, 2023 Canc\u00fan\u00a0<b>Q.<\/b>\u00a0<b>Roo<\/b>.\u200b<\/strong><\/span><\/h6>\n<h6><span style=\"color: #333333;\"><strong>December 9-11,\u00a0<\/strong><\/span><span style=\"color: #333333;\"><strong>2023 La Piedad, Mich.<br \/>\n<\/strong><\/span><\/h6>\n<h6><span style=\"color: #333333;\"><strong>December\u00a0<\/strong><\/span><span style=\"color: #333333;\"><strong>16-18, 2023 Puebla, Pue.<\/strong><\/span><\/h6>\n<h6><span style=\"color: #333333;\"><strong>\u00a0<\/strong><\/span><\/h6>\n<\/div>\n<\/div><\/div>\n<\/div>\n<\/div>\n<\/div>\n<\/div>\n<\/div>\n<div id=\"cmsmasters_row_nfmvh1baip\" class=\"cmsmasters_row cmsmasters_color_scheme_default cmsmasters_row_top_default cmsmasters_row_bot_default cmsmasters_row_boxed\">\n<div class=\"cmsmasters_row_outer_parent\">\n<div class=\"cmsmasters_row_outer\">\n<div class=\"cmsmasters_row_inner\">\n<div class=\"cmsmasters_row_margin\">\n<div id=\"cmsmasters_column_xot59y6sz\" class=\"cmsmasters_column one_half\">\n<div class=\"cmsmasters_column_inner\"><div class=\"cmsmasters_text\">\n<h3><strong><span style=\"vertical-align: inherit;\"><span style=\"vertical-align: inherit;\">TERCER RETIRO<\/span><\/span><\/strong><\/h3>\n<h4><span style=\"color: #ffcc00;\"> <strong><span style=\"vertical-align: inherit;\"><span style=\"vertical-align: inherit;\">Id y anunciad el evangelio.<\/span><\/span><\/strong><\/span><\/h4>\n<h5><strong><span style=\"vertical-align: inherit;\"><span style=\"vertical-align: inherit;\">Francisco, ve y repara mi Iglesia.<\/span><\/span><\/strong><\/h5>\n<h6><span style=\"vertical-align: inherit;\"><span style=\"vertical-align: inherit;\">Despertar el sentido de la misi\u00f3n franciscana capuchina dentro de la iglesia y acompa\u00f1ar el proceso vocacional en el discernimiento de la misi\u00f3n personal.<\/span><\/span><\/h6>\n<h6><span style=\"color: #333333;\"><strong><span style=\"vertical-align: inherit;\"><span style=\"vertical-align: inherit;\">February 10-12, 2024 Puebla, Pue.<\/span><\/span><\/strong><\/span><\/h6>\n<h6><span style=\"vertical-align: inherit;\"><strong><span style=\"vertical-align: inherit;\">February 17-19, 2024 La Piedad, Mich.<\/span><\/strong><\/span><span style=\"color: #333333;\"><strong><br \/>\n<\/strong><\/span><\/h6>\n<h6><span style=\"vertical-align: inherit;\"><strong>February 23-25, 2024 Canc\u00fan\u00a0<b>Q.<\/b>\u00a0<b>Roo<\/b>.\u200b<\/strong><\/span><\/h6>\n<\/div>\n<\/div><\/div>\n<div id=\"cmsmasters_column_ovih12dlkf\" class=\"cmsmasters_column one_half\">\n<div class=\"cmsmasters_column_inner\"><div class=\"aligncenter\"><div class=\"cmsmasters_img  cmsmasters_image_c\"><img decoding=\"async\" src=\"https:\/\/capuchinos.org\/ingles1\/wp-content\/uploads\/sites\/3\/2023\/09\/4.jpg\" \/><\/div><\/div>\n<\/div><\/div>\n<\/div>\n<\/div>\n<\/div>\n<\/div>\n<\/div>\n<div id=\"cmsmasters_row_qn3ixpf4re\" class=\"cmsmasters_row cmsmasters_color_scheme_default cmsmasters_row_top_default cmsmasters_row_bot_default cmsmasters_row_boxed\">\n<div class=\"cmsmasters_row_outer_parent\">\n<div class=\"cmsmasters_row_outer\">\n<div class=\"cmsmasters_row_inner\">\n<div class=\"cmsmasters_row_margin\">\n<div id=\"cmsmasters_column_4q6n1jbrj\" class=\"cmsmasters_column one_half\">\n<div class=\"cmsmasters_column_inner\"><div class=\"aligncenter\"><div class=\"cmsmasters_img  cmsmasters_image_c\"><img decoding=\"async\" src=\"https:\/\/capuchinos.org\/ingles1\/wp-content\/uploads\/sites\/3\/2023\/09\/5.jpg\" \/><\/div><\/div>\n<\/div><\/div>\n<div id=\"cmsmasters_column_dbr44f91ed\" class=\"cmsmasters_column one_half\">\n<div class=\"cmsmasters_column_inner\"><div class=\"cmsmasters_text\">\n<h3><strong><span style=\"vertical-align: inherit;\"><span style=\"vertical-align: inherit;\">CUARTO RETIRO<\/span><\/span><\/strong><\/h3>\n<h4><span style=\"color: #ffcc00;\"> <strong><span style=\"vertical-align: inherit;\"><span style=\"vertical-align: inherit;\">El misterio pascual de Jes\u00fas<\/span><\/span><\/strong><\/span><\/h4>\n<h5><strong><span style=\"vertical-align: inherit;\"><span style=\"vertical-align: inherit;\">El encuentro de San Francisco con Cristo crucificado y resucitado<\/span><\/span><\/strong><\/h5>\n<h6><span style=\"vertical-align: inherit;\"><span style=\"vertical-align: inherit;\">A partir del encuentro con Cristo crucificado y resucitado, en una experiencia de oraci\u00f3n, reflexi\u00f3n y compartir fraterno, profundizar la propia vocaci\u00f3n en el seno de la Orden Capuchina.<\/span><\/span><\/h6>\n<h6><span style=\"color: #333333;\"><strong><span style=\"vertical-align: inherit;\"><span style=\"vertical-align: inherit;\">April 2-9, 2024\u00a0<\/span><\/span><\/strong><\/span><span style=\"color: #333333;\"><strong><span style=\"vertical-align: inherit;\"><span style=\"vertical-align: inherit;\">\u00a0San Juan Tlale, Pue.\u00a0<\/span><\/span><\/strong><\/span><\/h6>\n<\/div>\n<\/div><\/div>\n<\/div>\n<\/div>\n<\/div>\n<\/div>\n<\/div>\n<div id=\"cmsmasters_row_3pfqjljabe\" class=\"cmsmasters_row cmsmasters_color_scheme_default cmsmasters_row_top_default cmsmasters_row_bot_default cmsmasters_row_boxed\">\n<div class=\"cmsmasters_row_outer_parent\">\n<div class=\"cmsmasters_row_outer\">\n<div class=\"cmsmasters_row_inner\">\n<div class=\"cmsmasters_row_margin\">\n<div id=\"cmsmasters_column_dl8ktshz4h\" class=\"cmsmasters_column one_half\">\n<div class=\"cmsmasters_column_inner\"><div class=\"cmsmasters_text\">\n<h3><strong><span style=\"vertical-align: inherit;\"><span style=\"vertical-align: inherit;\">QUINTO RETIRO\u00a0<\/span><\/span><\/strong><\/h3>\n<h4><span style=\"color: #ffcc00;\"><strong><span style=\"vertical-align: inherit;\"><span style=\"vertical-align: inherit;\">Y dejando al instante las redes, le siguieron&#8230;<\/span><\/span><\/strong><\/span><\/h4>\n<h5><strong><span style=\"vertical-align: inherit;\"><span style=\"vertical-align: inherit;\">Nuestro estilo de vida capuchino<\/span><\/span><\/strong><\/h5>\n<h6><span style=\"vertical-align: inherit;\"><span style=\"vertical-align: inherit;\">A partir del encuentro con Cristo crucificado y resucitado, en una experiencia de oraci\u00f3n, reflexi\u00f3n y compartir fraterno, profundizar la propia vocaci\u00f3n en el seno de la Orden Capuchina.<\/span><\/span><\/h6>\n<h6><span style=\"color: #333333;\"><strong><span style=\"vertical-align: inherit;\"><span style=\"vertical-align: inherit;\">July 23-30,\u00a0<\/span><\/span><\/strong><\/span><span style=\"color: #333333;\"><strong><span style=\"vertical-align: inherit;\"><span style=\"vertical-align: inherit;\">2024 La Piedad, Mich.<\/span><\/span><\/strong><\/span><\/h6>\n<\/div>\n<\/div><\/div>\n<div id=\"cmsmasters_column_4xnncxeqm\" class=\"cmsmasters_column one_half\">\n<div class=\"cmsmasters_column_inner\"><div class=\"aligncenter\"><div class=\"cmsmasters_img  cmsmasters_image_c\"><img decoding=\"async\" src=\"https:\/\/capuchinos.org\/ingles1\/wp-content\/uploads\/sites\/3\/2023\/09\/6.jpg\" \/><\/div><\/div>\n<\/div><\/div>\n<\/div>\n<\/div>\n<\/div>\n<\/div>\n<\/div>\n<div id=\"cmsmasters_row_awo5f0frrk\" class=\"cmsmasters_row cmsmasters_color_scheme_default cmsmasters_row_top_default cmsmasters_row_bot_default cmsmasters_row_boxed\">\n<div class=\"cmsmasters_row_outer_parent\">\n<div class=\"cmsmasters_row_outer\">\n<div class=\"cmsmasters_row_inner\">\n<div class=\"cmsmasters_row_margin\">\n<div id=\"cmsmasters_column_ldn1mj88mq\" class=\"cmsmasters_column one_first\">\n<div class=\"cmsmasters_column_inner\"><\/div><\/div>\n<\/div>\n<\/div>\n<\/div>\n<\/div>\n<\/div>\n\n","protected":false},"excerpt":{"rendered":"","protected":false},"author":1,"featured_media":0,"parent":0,"menu_order":0,"comment_status":"closed","ping_status":"closed","template":"","meta":{"footnotes":""},"class_list":["post-14443","page","type-page","status-publish","hentry"],"_links":{"self":[{"href":"https:\/\/capuchinos.org\/ingles1\/wp-json\/wp\/v2\/pages\/14443","targetHints":{"allow":["GET"]}}],"collection":[{"href":"https:\/\/capuchinos.org\/ingles1\/wp-json\/wp\/v2\/pages"}],"about":[{"href":"https:\/\/capuchinos.org\/ingles1\/wp-json\/wp\/v2\/types\/page"}],"author":[{"embeddable":true,"href":"https:\/\/capuchinos.org\/ingles1\/wp-json\/wp\/v2\/users\/1"}],"replies":[{"embeddable":true,"href":"https:\/\/capuchinos.org\/ingles1\/wp-json\/wp\/v2\/comments?post=14443"}],"version-history":[{"count":30,"href":"https:\/\/capuchinos.org\/ingles1\/wp-json\/wp\/v2\/pages\/14443\/revisions"}],"predecessor-version":[{"id":15656,"href":"https:\/\/capuchinos.org\/ingles1\/wp-json\/wp\/v2\/pages\/14443\/revisions\/15656"}],"wp:attachment":[{"href":"https:\/\/capuchinos.org\/ingles1\/wp-json\/wp\/v2\/media?parent=14443"}],"curies":[{"name":"wp","href":"https:\/\/api.w.org\/{rel}","templated":true}]}}