{"id":60,"date":"2015-04-15T10:57:41","date_gmt":"2015-04-15T10:57:41","guid":{"rendered":"http:\/\/welfare.cmsmasters.net\/?page_id=60"},"modified":"2021-06-22T23:35:18","modified_gmt":"2021-06-22T23:35:18","slug":"contacto","status":"publish","type":"page","link":"https:\/\/capuchinos.org\/ingles1\/contacto\/","title":{"rendered":"Contact Us"},"content":{"rendered":"<div id=\"cmsmasters_row_1473a01d3d\" class=\"cmsmasters_row cmsmasters_color_scheme_default cmsmasters_row_top_default cmsmasters_row_bot_default cmsmasters_row_boxed\">\n<div class=\"cmsmasters_row_outer_parent\">\n<div class=\"cmsmasters_row_outer\">\n<div class=\"cmsmasters_row_inner\">\n<div class=\"cmsmasters_row_margin\">\n<div id=\"cmsmasters_column_b42e1304ce\" class=\"cmsmasters_column one_first\">\n<div class=\"cmsmasters_column_inner\"><div id=\"cmsmasters_heading_15d69ed4b2\" class=\"cmsmasters_heading_wrap cmsmasters_heading_align_center\">\n\t<h2 class=\"cmsmasters_heading\">CONTACT US<\/h2>\n<\/div><div id=\"cmsmasters_heading_a0ea5b2153\" class=\"cmsmasters_heading_wrap cmsmasters_heading_align_center\">\n\t<h2 class=\"cmsmasters_heading\"> We hear you<\/h2>\n<\/div>\n<\/div><\/div>\n<\/div>\n<\/div>\n<\/div>\n<\/div>\n<\/div>\n<div id=\"cmsmasters_row_e940697b16\" class=\"cmsmasters_row cmsmasters_color_scheme_default cmsmasters_row_top_default cmsmasters_row_bot_default cmsmasters_row_boxed\">\n<div class=\"cmsmasters_row_outer_parent\">\n<div class=\"cmsmasters_row_outer\">\n<div class=\"cmsmasters_row_inner cmsmasters_row_no_margin\">\n<div class=\"cmsmasters_row_margin cmsmasters_row_columns_behavior\">\n<div id=\"cmsmasters_column_f5224e395a\" class=\"cmsmasters_column one_half\">\n<div class=\"cmsmasters_column_inner\"><div class=\"cmsmasters_text\">\n<h4><strong>Contact Form<\/strong><\/h4>\n<h5>Fill the next information fields.<\/h5>\n<\/div>\n<div class=\"cmsmasters_contact_form borde_redondeado\"><div role=\"form\" class=\"wpcf7\" id=\"wpcf7-f14122-o1\" lang=\"en-US\" dir=\"ltr\">\n<div class=\"screen-reader-response\"><\/div>\n<form action=\"\/ingles1\/wp-json\/wp\/v2\/pages\/60#wpcf7-f14122-o1\" method=\"post\" class=\"wpcf7-form\" novalidate=\"novalidate\">\n<div style=\"display: none;\">\n<input type=\"hidden\" name=\"_wpcf7\" value=\"14122\" \/>\n<input type=\"hidden\" name=\"_wpcf7_version\" value=\"5.0.1\" \/>\n<input type=\"hidden\" name=\"_wpcf7_locale\" value=\"en_US\" \/>\n<input type=\"hidden\" name=\"_wpcf7_unit_tag\" value=\"wpcf7-f14122-o1\" \/>\n<input type=\"hidden\" name=\"_wpcf7_container_post\" value=\"0\" \/>\n<\/div>\n<p><label> Name (required)<br \/>\n    <span class=\"wpcf7-form-control-wrap your-name\"><input type=\"text\" name=\"your-name\" value=\"\" size=\"40\" class=\"wpcf7-form-control wpcf7-text wpcf7-validates-as-required\" aria-required=\"true\" aria-invalid=\"false\" \/><\/span> <\/label><\/p>\n<p><label> Email (required)<br \/>\n    <span class=\"wpcf7-form-control-wrap your-email\"><input type=\"email\" name=\"your-email\" value=\"\" size=\"40\" class=\"wpcf7-form-control wpcf7-text wpcf7-email wpcf7-validates-as-required wpcf7-validates-as-email\" aria-required=\"true\" aria-invalid=\"false\" \/><\/span> <\/label><\/p>\n<p><label> Subject<br \/>\n    <span class=\"wpcf7-form-control-wrap your-subject\"><input type=\"text\" name=\"your-subject\" value=\"\" size=\"40\" class=\"wpcf7-form-control wpcf7-text\" aria-invalid=\"false\" \/><\/span> <\/label><\/p>\n<p><label> Message<br \/>\n    <span class=\"wpcf7-form-control-wrap your-message\"><textarea name=\"your-message\" cols=\"40\" rows=\"10\" class=\"wpcf7-form-control wpcf7-textarea\" aria-invalid=\"false\"><\/textarea><\/span> <\/label><\/p>\n<p><input type=\"submit\" value=\"Send\" class=\"wpcf7-form-control wpcf7-submit\" \/><\/p>\n<p style=\"display: none !important;\" class=\"akismet-fields-container\" data-prefix=\"_wpcf7_ak_\"><label>&#916;<textarea name=\"_wpcf7_ak_hp_textarea\" cols=\"45\" rows=\"8\" maxlength=\"100\"><\/textarea><\/label><input type=\"hidden\" id=\"ak_js_1\" name=\"_wpcf7_ak_js\" value=\"99\"\/><script>document.getElementById( \"ak_js_1\" ).setAttribute( \"value\", ( new Date() ).getTime() );<\/script><\/p><div class=\"wpcf7-response-output wpcf7-display-none\"><\/div><\/form><\/div><\/div>\n<\/div><\/div>\n<div id=\"cmsmasters_column_f63ba08095\" class=\"cmsmasters_column one_half\">\n<div class=\"cmsmasters_column_inner\"><div id=\"cmsmasters_heading_efed50af90\" class=\"cmsmasters_heading_wrap cmsmasters_heading_align_left\">\n\t<h5 class=\"cmsmasters_heading\"><a href=\"mailto:contacto@capuchinos.org\" class=\"cmsmasters-icon-mail\">contacto@capuchinos.org<\/a><\/h5>\n<\/div><div id=\"cmsmasters_heading_3fecb5a1a8\" class=\"cmsmasters_heading_wrap cmsmasters_heading_align_left\">\n\t<h5 class=\"cmsmasters_heading cmsmasters-icon-phone-4\">1-800-123-1234<\/h5>\n<\/div><div id=\"cmsmasters_heading_3e74303f54\" class=\"cmsmasters_heading_wrap cmsmasters_heading_align_left\">\n\t<h5 class=\"cmsmasters_heading cmsmasters-icon-location-3\">Ribera, Ampliaci\u00f3n Los Alpes, 01710 \u00c1lvaro Obreg\u00f3n, Ciudad de M\u00e9xico, M\u00e9xico<\/h5>\n<\/div><div id=\"google_map_751f980347\" class=\"cmsmasters_google_map google_map\" data-latitude=\"19.35595621107052\" data-longitude=\"-99.21067239017837\" data-maptype=\"ROADMAP\" data-zoom=\"16\" data-scrollwheel=\"false\" data-doubleclickzoom=\"true\" data-pan-control=\"true\" data-zoom-control=\"true\" data-map-type-control=\"true\" data-scale-control=\"true\" data-street-view-control=\"true\" data-overview-map-control=\"true\" data-markers=\"address: Guti\u00e9rrez Zamora y Rivera s\/n. Col. Las \u00c1guilas., M\u00e9xico, D.F. C.P. 01710\/\/\/|||\"><\/div>\n<\/div><\/div>\n<\/div>\n<\/div>\n<div class=\"cmsmasters_row_inner\">\n<div class=\"cmsmasters_row_margin\">\n<div id=\"cmsmasters_column_11078304bf\" class=\"cmsmasters_column one_first\">\n<div class=\"cmsmasters_column_inner\"><div id=\"cmsmasters_heading_7cs1s8ecc\" class=\"cmsmasters_heading_wrap cmsmasters_heading_align_center\">\n\t<h4 class=\"cmsmasters_heading\"> Social Networks<\/h4>\n<\/div>\n<\/div><\/div>\n<\/div>\n<\/div>\n<\/div>\n<\/div>\n<\/div>\n<div id=\"cmsmasters_row_wzqgpee6tp\" class=\"cmsmasters_row cmsmasters_color_scheme_default cmsmasters_row_top_default cmsmasters_row_bot_default cmsmasters_row_fullwidth\">\n<div class=\"cmsmasters_row_outer_parent\">\n<div class=\"cmsmasters_row_outer\">\n<div class=\"cmsmasters_row_inner cmsmasters_row_fullwidth\">\n<div class=\"cmsmasters_row_margin\">\n<div id=\"cmsmasters_column_g3nncogphw\" class=\"cmsmasters_column one_fourth\">\n<div class=\"cmsmasters_column_inner\"><div id=\"cmsmasters_icon_e30hgviy5q\" class=\"cmsmasters_icon_wrap\"><a href=\"https:\/\/www.facebook.com\/Provoca-OFM-Cap-454691184613765\/\" target=\"_blank\"><span class=\"cmsmasters_simple_icon cmsmasters-icon-custom-facebook-rect-1\"><\/span><span class=\"cmsmasters_simple_icon_title\"><\/span><\/a><\/div>\n<div id=\"cmsmasters_heading_xy9n0r3hfp\" class=\"cmsmasters_heading_wrap cmsmasters_heading_align_center\">\n\t<h5 class=\"cmsmasters_heading\"><a href=\"https:\/\/www.facebook.com\/Provoca-OFM-Cap-454691184613765\/\" target=\"_blank\">PROVOCA OFM CAP <\/a><\/h5>\n<\/div>\n<\/div><\/div>\n<div id=\"cmsmasters_column_xpc442shx\" class=\"cmsmasters_column one_fourth\">\n<div class=\"cmsmasters_column_inner\"><div id=\"cmsmasters_icon_duy5wo1gk3\" class=\"cmsmasters_icon_wrap\"><a href=\"https:\/\/www.facebook.com\/Hermanos-Menores-Capuchinos-en-M\u00e9xico-y-Texas-2013616322212925\/?modal=admin_todo_tour\" target=\"_blank\"><span class=\"cmsmasters_simple_icon cmsmasters-icon-custom-facebook-rect-1\"><\/span><span class=\"cmsmasters_simple_icon_title\"><\/span><\/a><\/div>\n<div id=\"cmsmasters_heading_lb2k3u94t\" class=\"cmsmasters_heading_wrap cmsmasters_heading_align_center\">\n\t<h5 class=\"cmsmasters_heading\"><a href=\"https:\/\/www.facebook.com\/Hermanos-Menores-Capuchinos-en-M\u00e9xico-y-Texas-2013616322212925\/?modal=admin_todo_tour\" target=\"_blank\">HERMANOS MENORES CAPUCHINOS EN M\u00c9XICO Y TEXAS<\/a><\/h5>\n<\/div>\n<\/div><\/div>\n<div id=\"cmsmasters_column_2ku0ut48gs\" class=\"cmsmasters_column one_fourth\">\n<div class=\"cmsmasters_column_inner\"><div id=\"cmsmasters_icon_ztij9hccv8\" class=\"cmsmasters_icon_wrap\"><span class=\"cmsmasters_simple_icon cmsmasters-icon-mail-3\"><\/span><span class=\"cmsmasters_simple_icon_title\"><\/span><\/div>\n<div id=\"cmsmasters_heading_ltys3m80tf\" class=\"cmsmasters_heading_wrap cmsmasters_heading_align_center\">\n\t<h5 class=\"cmsmasters_heading\"><a href=\"mailto:Provoca_ofmcap@yahoo.com.mx\" target=\"_blank\">Provoca_ofmcap@yahoo.com.mx<\/a><\/h5>\n<\/div>\n<\/div><\/div>\n<div id=\"cmsmasters_column_mjowec7w99\" class=\"cmsmasters_column one_fourth\">\n<div class=\"cmsmasters_column_inner\"><div id=\"cmsmasters_icon_lmxft0vvo\" class=\"cmsmasters_icon_wrap\"><a href=\"https:\/\/www.facebook.com\/Provoca-OFM-Cap-454691184613765\/\" target=\"_blank\"><span class=\"cmsmasters_simple_icon cmsmasters-icon-custom-twitter-bird-1\"><\/span><span class=\"cmsmasters_simple_icon_title\"><\/span><\/a><\/div>\n<div id=\"cmsmasters_heading_5al17yjyzd\" class=\"cmsmasters_heading_wrap cmsmasters_heading_align_center\">\n\t<h5 class=\"cmsmasters_heading\"><a href=\"https:\/\/twitter.com\/ofmcapmxtx\" target=\"_blank\">@OFMCAPMXTX<\/a><\/h5>\n<\/div>\n<\/div><\/div>\n<\/div>\n<\/div>\n<\/div>\n<\/div>\n<\/div>\n<div id=\"cmsmasters_row_zl1bicva7c\" class=\"cmsmasters_row cmsmasters_color_scheme_default cmsmasters_row_top_default cmsmasters_row_bot_default cmsmasters_row_fullwidth\">\n<div class=\"cmsmasters_row_outer_parent\">\n<div class=\"cmsmasters_row_outer\">\n<div class=\"cmsmasters_row_inner cmsmasters_row_fullwidth\">\n<div class=\"cmsmasters_row_margin\">\n<div id=\"cmsmasters_column_bpr9c3981l\" class=\"cmsmasters_column one_fourth\">\n<div class=\"cmsmasters_column_inner\"><div id=\"cmsmasters_icon_pr5ahe4lyx\" class=\"cmsmasters_icon_wrap\"><a href=\"https:\/\/www.youtube.com\/channel\/UCdmdWPcnSGSPE8aVFa_RmoA\" target=\"_blank\"><span class=\"cmsmasters_simple_icon cmsmasters-icon-youtube\"><\/span><span class=\"cmsmasters_simple_icon_title\"><\/span><\/a><\/div>\n<div id=\"cmsmasters_heading_zm7tf2dq0r\" class=\"cmsmasters_heading_wrap cmsmasters_heading_align_center\">\n\t<h5 class=\"cmsmasters_heading\"><a href=\"https:\/\/www.youtube.com\/channel\/UCdmdWPcnSGSPE8aVFa_RmoA\" target=\"_blank\">YOUTUBE<\/a><\/h5>\n<\/div>\n<\/div><\/div>\n<div id=\"cmsmasters_column_3mjli6jy2\" class=\"cmsmasters_column one_fourth\">\n<div class=\"cmsmasters_column_inner\"><div id=\"cmsmasters_icon_cotiy0zhz\" class=\"cmsmasters_icon_wrap\"><a href=\"https:\/\/www.facebook.com\/infocoframex\/\" target=\"_blank\"><span class=\"cmsmasters_simple_icon cmsmasters-icon-custom-facebook-rect-1\"><\/span><span class=\"cmsmasters_simple_icon_title\"><\/span><\/a><\/div>\n<div id=\"cmsmasters_heading_954j4eu6er\" class=\"cmsmasters_heading_wrap cmsmasters_heading_align_center\">\n\t<h5 class=\"cmsmasters_heading\"><a href=\"https:\/\/www.facebook.com\/infocoframex\/\" target=\"_blank\">COFRAMEX<\/a><\/h5>\n<\/div>\n<\/div><\/div>\n<div id=\"cmsmasters_column_asak8cwx9b\" class=\"cmsmasters_column one_fourth\">\n<div class=\"cmsmasters_column_inner\"><div id=\"cmsmasters_icon_go85sx0a7\" class=\"cmsmasters_icon_wrap\"><a href=\"http:\/\/www.instagram.com\/ofmcapmxtx\/\" target=\"_blank\"><span class=\"cmsmasters_simple_icon cmsmasters-icon-custom-instagram-with-circle\"><\/span><span class=\"cmsmasters_simple_icon_title\"><\/span><\/a><\/div>\n<div id=\"cmsmasters_heading_xsiz138gh6\" class=\"cmsmasters_heading_wrap cmsmasters_heading_align_center\">\n\t<h5 class=\"cmsmasters_heading\"><a href=\"http:\/\/www.instagram.com\/ofmcapmxtx\/\" target=\"_blank\">OFMCAP MXTX<\/a><\/h5>\n<\/div>\n<\/div><\/div>\n<div id=\"cmsmasters_column_j7escx8kcp\" class=\"cmsmasters_column one_fourth\">\n<div class=\"cmsmasters_column_inner\"><\/div><\/div>\n<\/div>\n<\/div>\n<\/div>\n<\/div>\n<\/div>\n\n","protected":false},"excerpt":{"rendered":"","protected":false},"author":1,"featured_media":0,"parent":0,"menu_order":0,"comment_status":"closed","ping_status":"closed","template":"","meta":{"footnotes":""},"class_list":["post-60","page","type-page","status-publish","hentry"],"_links":{"self":[{"href":"https:\/\/capuchinos.org\/ingles1\/wp-json\/wp\/v2\/pages\/60","targetHints":{"allow":["GET"]}}],"collection":[{"href":"https:\/\/capuchinos.org\/ingles1\/wp-json\/wp\/v2\/pages"}],"about":[{"href":"https:\/\/capuchinos.org\/ingles1\/wp-json\/wp\/v2\/types\/page"}],"author":[{"embeddable":true,"href":"https:\/\/capuchinos.org\/ingles1\/wp-json\/wp\/v2\/users\/1"}],"replies":[{"embeddable":true,"href":"https:\/\/capuchinos.org\/ingles1\/wp-json\/wp\/v2\/comments?post=60"}],"version-history":[{"count":35,"href":"https:\/\/capuchinos.org\/ingles1\/wp-json\/wp\/v2\/pages\/60\/revisions"}],"predecessor-version":[{"id":15152,"href":"https:\/\/capuchinos.org\/ingles1\/wp-json\/wp\/v2\/pages\/60\/revisions\/15152"}],"wp:attachment":[{"href":"https:\/\/capuchinos.org\/ingles1\/wp-json\/wp\/v2\/media?parent=60"}],"curies":[{"name":"wp","href":"https:\/\/api.w.org\/{rel}","templated":true}]}}